{"id":10432,"date":"2026-03-03T15:55:03","date_gmt":"2026-03-03T20:55:03","guid":{"rendered":"https:\/\/audioprothesistes.org\/staging20260303\/?page_id=10432"},"modified":"2026-03-03T16:26:28","modified_gmt":"2026-03-03T21:26:28","slug":"deroulement-visites-audioprothesiste","status":"publish","type":"page","link":"https:\/\/audioprothesistes.org\/staging20260303\/public\/profession\/deroulement-visites-audioprothesiste\/","title":{"rendered":"Le d\u00e9roulement des visites chez l\u2019audioproth\u00e9siste"},"content":{"rendered":"<p>[et_pb_section fb_built=\u00a0\u00bb1&Prime; _builder_version=\u00a0\u00bb4.19.0&Prime; global_colors_info=\u00a0\u00bb{}\u00a0\u00bb theme_builder_area=\u00a0\u00bbet_body_layout\u00a0\u00bb][et_pb_row column_structure=\u00a0\u00bb3_5,2_5&Prime; _builder_version=\u00a0\u00bb4.19.0&Prime; _module_preset=\u00a0\u00bb34ebdddb-ba4e-47a4-ad6e-f7a0f2f689bf\u00a0\u00bb global_colors_info=\u00a0\u00bb{}\u00a0\u00bb theme_builder_area=\u00a0\u00bbet_body_layout\u00a0\u00bb][et_pb_column type=\u00a0\u00bb3_5&Prime; _builder_version=\u00a0\u00bb4.16&Prime; custom_padding=\u00a0\u00bb|||\u00a0\u00bb global_colors_info=\u00a0\u00bb{}\u00a0\u00bb custom_padding__hover=\u00a0\u00bb|||\u00a0\u00bb theme_builder_area=\u00a0\u00bbet_body_layout\u00a0\u00bb][et_pb_text _builder_version=\u00a0\u00bb4.27.6&Prime; background_size=\u00a0\u00bbinitial\u00a0\u00bb background_position=\u00a0\u00bbtop_left\u00a0\u00bb background_repeat=\u00a0\u00bbrepeat\u00a0\u00bb hover_enabled=\u00a0\u00bb0&Prime; global_colors_info=\u00a0\u00bb{}\u00a0\u00bb theme_builder_area=\u00a0\u00bbet_body_layout\u00a0\u00bb sticky_enabled=\u00a0\u00bb0&Prime;]<\/p>\n<p>Voici les principales \u00e9tapes d\u2019un parcours typique chez un audioproth\u00e9siste.\u00a0<\/p>\n<p>[\/et_pb_text][\/et_pb_column][et_pb_column type=\u00a0\u00bb2_5&Prime; _builder_version=\u00a0\u00bb4.16&Prime; custom_padding=\u00a0\u00bb|||\u00a0\u00bb global_colors_info=\u00a0\u00bb{}\u00a0\u00bb custom_padding__hover=\u00a0\u00bb|||\u00a0\u00bb theme_builder_area=\u00a0\u00bbet_body_layout\u00a0\u00bb][\/et_pb_column][\/et_pb_row][\/et_pb_section][et_pb_section fb_built=\u00a0\u00bb1&Prime; _builder_version=\u00a0\u00bb4.27.6&Prime; _module_preset=\u00a0\u00bba0bf4bbc-ca13-4332-aaa3-530026babc6a\u00a0\u00bb hover_enabled=\u00a0\u00bb0&Prime; global_colors_info=\u00a0\u00bb{}\u00a0\u00bb theme_builder_area=\u00a0\u00bbet_body_layout\u00a0\u00bb sticky_enabled=\u00a0\u00bb0&Prime;][et_pb_row column_structure=\u00a0\u00bb1_3,2_3&Prime; _builder_version=\u00a0\u00bb4.27.6&Prime; _module_preset=\u00a0\u00bb34ebdddb-ba4e-47a4-ad6e-f7a0f2f689bf\u00a0\u00bb custom_padding=\u00a0\u00bb|76px|0px|76px|false|true\u00a0\u00bb hover_enabled=\u00a0\u00bb0&Prime; global_colors_info=\u00a0\u00bb{}\u00a0\u00bb custom_css_main_element_last_edited=\u00a0\u00bbon|desktop\u00a0\u00bb custom_css_main_element_phone=\u00a0\u00bbdisplay: flex;||flex-wrap: wrap;\u00a0\u00bb theme_builder_area=\u00a0\u00bbet_body_layout\u00a0\u00bb sticky_enabled=\u00a0\u00bb0&Prime;][et_pb_column type=\u00a0\u00bb1_3&Prime; _builder_version=\u00a0\u00bb4.19.0&Prime; custom_padding=\u00a0\u00bb|||\u00a0\u00bb custom_css_main_element=\u00a0\u00bborder: 2;\u00a0\u00bb global_colors_info=\u00a0\u00bb{}\u00a0\u00bb custom_padding__hover=\u00a0\u00bb|||\u00a0\u00bb theme_builder_area=\u00a0\u00bbet_body_layout\u00a0\u00bb][et_pb_code admin_label=\u00a0\u00bbIcone ampoule\u00a0\u00bb _builder_version=\u00a0\u00bb4.19.0&Prime; _module_preset=\u00a0\u00bbdefault\u00a0\u00bb transform_scale_tablet=\u00a0\u00bb\u00a0\u00bb transform_scale_phone=\u00a0\u00bb\u00a0\u00bb transform_scale_last_edited=\u00a0\u00bbon|desktop\u00a0\u00bb transform_translate=\u00a0\u00bb0px|-130px\u00a0\u00bb transform_translate_tablet=\u00a0\u00bb0px|0px\u00a0\u00bb transform_translate_phone=\u00a0\u00bb0px|0px\u00a0\u00bb transform_translate_last_edited=\u00a0\u00bbon|desktop\u00a0\u00bb transform_translate_linked=\u00a0\u00bboff\u00a0\u00bb transform_rotate_tablet=\u00a0\u00bb\u00a0\u00bb transform_rotate_phone=\u00a0\u00bb\u00a0\u00bb transform_rotate_last_edited=\u00a0\u00bbon|desktop\u00a0\u00bb transform_skew_tablet=\u00a0\u00bb\u00a0\u00bb transform_skew_phone=\u00a0\u00bb\u00a0\u00bb transform_skew_last_edited=\u00a0\u00bbon|desktop\u00a0\u00bb transform_origin_tablet=\u00a0\u00bb\u00a0\u00bb transform_origin_phone=\u00a0\u00bb\u00a0\u00bb transform_origin_last_edited=\u00a0\u00bbon|desktop\u00a0\u00bb transform_styles_last_edited=\u00a0\u00bbon|desktop\u00a0\u00bb text_orientation=\u00a0\u00bbright\u00a0\u00bb max_width=\u00a0\u00bb550px\u00a0\u00bb module_alignment=\u00a0\u00bbcenter\u00a0\u00bb transform_styles_tablet=\u00a0\u00bb\u00a0\u00bb transform_styles_phone=\u00a0\u00bb\u00a0\u00bb text_orientation_tablet=\u00a0\u00bbcenter\u00a0\u00bb text_orientation_phone=\u00a0\u00bbcenter\u00a0\u00bb text_orientation_last_edited=\u00a0\u00bbon|tablet\u00a0\u00bb custom_css_main_element=\u00a0\u00bbmargin:auto;\u00a0\u00bb global_colors_info=\u00a0\u00bb{}\u00a0\u00bb theme_builder_area=\u00a0\u00bbet_body_layout\u00a0\u00bb]<svg xmlns=\"http:\/\/www.w3.org\/2000\/svg\" width=\"50%\" height=\"50%\" viewBox=\"0 0 379 406.079\"><!-- [et_pb_line_break_holder] -->  <rect id=\"Rectangle_105\" data-name=\"Rectangle 105\" width=\"305.462\" height=\"308.291\" rx=\"152.731\" transform=\"translate(0 54.551)\" fill=\"#eaa04c\"\/><!-- [et_pb_line_break_holder] -->  <g id=\"AdobeStock_475153291\" transform=\"translate(99.819)\"><!-- [et_pb_line_break_holder] -->    <ellipse id=\"Ellipse_1\" data-name=\"Ellipse 1\" cx=\"6.345\" cy=\"6.345\" rx=\"6.345\" ry=\"6.345\" transform=\"translate(82.485 44.542)\" fill=\"#003d4c\"\/><!-- [et_pb_line_break_holder] -->    <path id=\"Trac\u00e9_24\" data-name=\"Trac\u00e9 24\" d=\"M210.529-.142c-76.97,0-139.591,62.62-139.591,139.591a138.876,138.876,0,0,0,10.611,53.425c15.28,33.089,30.62,48.313,42.944,60.544,13.679,13.574,23.58,23.429,28.93,51.763v62.834a38.134,38.134,0,0,0,38.07,37.922h38.07a38.134,38.134,0,0,0,38.07-37.922V305.181c5.35-28.337,15.252-38.192,28.931-51.77,12.324-12.232,27.664-27.456,43.049-60.782a138.667,138.667,0,0,0,10.506-53.18C350.119,62.478,287.5-.142,210.529-.142Zm0,144.842c-7.441-5.289-25.38-20.7-25.38-46.367s17.936-41.079,25.38-46.367c7.445,5.289,25.38,20.7,25.38,46.367S217.962,139.421,210.529,144.7Zm44.415,166.191v19.035h-88.83V310.892Zm-88.83,50.76V342.617h88.83v19.035Zm63.45,31.6h-38.07a25.359,25.359,0,0,1-24.424-18.908h86.939a25.375,25.375,0,0,1-24.445,18.908Zm98.427-205.7c-14.326,31.016-28.156,44.747-40.362,56.861-13.451,13.352-25.161,25-31.516,53.793H216.874v-69.8h25.38a69.875,69.875,0,0,0,69.8-69.8,6.345,6.345,0,0,0-6.345-6.345H273.979a69.723,69.723,0,0,0-57.105,29.792V155.725c8.651-5.935,31.725-24.809,31.725-57.392,0-39.226-33.518-58.648-34.944-59.454a6.35,6.35,0,0,0-6.252,0c-1.425.805-34.945,20.227-34.945,59.453,0,32.583,23.075,51.457,31.725,57.392v26.332a69.721,69.721,0,0,0-57.105-29.791H115.353a6.345,6.345,0,0,0-6.345,6.345,69.875,69.875,0,0,0,69.8,69.8h25.38v69.8H164.945c-6.355-28.791-18.065-40.441-31.514-53.793-12.2-12.114-26.037-25.845-40.257-56.622a126.9,126.9,0,1,1,234.817-.239ZM217.224,215.716a57.189,57.189,0,0,1,56.755-50.76h25.03a57.189,57.189,0,0,1-56.755,50.76Zm-13.39,0H178.8a57.189,57.189,0,0,1-56.755-50.76h25.03A57.189,57.189,0,0,1,203.834,215.716Z\" transform=\"translate(-70.938 0.142)\" fill=\"#003d4c\"\/><!-- [et_pb_line_break_holder] -->    <path id=\"Trac\u00e9_25\" data-name=\"Trac\u00e9 25\" d=\"M140.205,68.208a108.037,108.037,0,0,0-32.9,64.926A6.345,6.345,0,1,0,119.9,134.7a95.328,95.328,0,0,1,29.028-57.278,6.345,6.345,0,1,0-8.725-9.215Z\" transform=\"translate(-74.772 -6.889)\" fill=\"#003d4c\"\/><!-- [et_pb_line_break_holder] -->  <\/g><!-- [et_pb_line_break_holder] --><\/svg><!-- [et_pb_line_break_holder] -->[\/et_pb_code][\/et_pb_column][et_pb_column type=\u00a0\u00bb2_3&Prime; _builder_version=\u00a0\u00bb4.27.6&Prime; custom_padding=\u00a0\u00bb|||\u00a0\u00bb hover_enabled=\u00a0\u00bb0&Prime; custom_css_main_element=\u00a0\u00bborder: 1;\u00a0\u00bb global_colors_info=\u00a0\u00bb{}\u00a0\u00bb custom_padding__hover=\u00a0\u00bb|||\u00a0\u00bb theme_builder_area=\u00a0\u00bbet_body_layout\u00a0\u00bb sticky_enabled=\u00a0\u00bb0&Prime;][et_pb_text _builder_version=\u00a0\u00bb4.27.6&Prime; background_size=\u00a0\u00bbinitial\u00a0\u00bb background_position=\u00a0\u00bbtop_left\u00a0\u00bb background_repeat=\u00a0\u00bbrepeat\u00a0\u00bb hover_enabled=\u00a0\u00bb0&Prime; global_colors_info=\u00a0\u00bb{}\u00a0\u00bb theme_builder_area=\u00a0\u00bbet_body_layout\u00a0\u00bb sticky_enabled=\u00a0\u00bb0&Prime;]<\/p>\n<h2>Premi\u00e8re visite &#8211; Accueil et ouverture du dossier\u202f<\/h2>\n<p>Lors de la premi\u00e8re rencontre, l\u2019audioproth\u00e9siste accueille la personne et prend le temps de discuter avec elle afin de bien cerner sa situation, ses besoins de communication et ses attentes.\u00a0Il recueille ensuite les informations personnelles, m\u00e9dicales et administratives n\u00e9cessaires\u00a0pour constituer un dossier complet, incluant les documents requis pour amorcer le processus d\u2019appareillage.\u202f\u00a0<\/p>\n<ol>\n<li><strong>Prise de connaissance de l\u2019audiogramme et compr\u00e9hension des besoins auditifs\u00a0<\/strong>\u00a0<\/li>\n<\/ol>\n<ul>\n<li>Avant de proposer une proth\u00e8se auditive, l\u2019audioproth\u00e9siste doit avoir en main un document fourni par un professionnel de la sant\u00e9 (comme un m\u00e9decin ou un audiologiste), qui atteste la n\u00e9cessit\u00e9 d&rsquo;un appareillage.\u00a0\u00a0<\/li>\n<\/ul>\n<ul>\n<li>\u00c0 partir de ce document et de l\u2019audiogramme, l\u2019audioproth\u00e9siste\u00a0\u00e9tablit le profil auditif\u00a0de la personne\u00a0afin\u00a0de mieux comprendre la nature de la perte auditive et d\u2019\u00e9valuer les besoins sp\u00e9cifiques de la personne en fonction de son mode de vie et des besoins \u00e9tablis lors de<\/li>\n<\/ul>\n<p>&nbsp;<\/p>\n<ol>\n<li><strong>Pr\u00e9sentation des options de proth\u00e8ses auditives<\/strong>\u00a0<\/li>\n<\/ol>\n<ul>\n<li>L\u2019audioproth\u00e9siste pr\u00e9sente les diff\u00e9rentes options de proth\u00e8ses auditives qui r\u00e9pondent aux besoins de la personne. Il prend le temps d&rsquo;expliquer, de fa\u00e7on claire et objective,\u00a0les caract\u00e9ristiques de chaque proth\u00e8se sugg\u00e9r\u00e9e, ses avantages, sesque les modalit\u00e9s de paiement ou de remboursement.\u00a0\u00a0<\/li>\n<\/ul>\n<ul>\n<li>C\u2019est \u00e0\u00a0cette \u00e9tape\u00a0que l\u2019audioproth\u00e9siste informe \u00e9galement la personne de son admissibilit\u00e9,\u00a0ou non,\u00a0aux programmes de remboursement offerts par des organismes payeurs\u00a0notamment\u00a0la\u00a0<a href=\"https:\/\/www.ramq.gouv.qc.ca\/fr\/citoyens\/programmes-aide\/aides-auditives\">RAMQ<\/a>, la\u00a0<a href=\"https:\/\/www.cnesst.gouv.qc.ca\/fr\/demarches-formulaires\/professionnels-intervenants-sante\/audioprothesistes\/prothese-auditive\">CNESST<\/a>\u00a0ou les\u00a0<a href=\"https:\/\/www.veterans.gc.ca\/fr\/propos-dacc\/rapports-politiques-et-legislation\/politiques\/services-audiologiques-pdc-3\">anciens combattants<\/a>.\u202f\u00a0<\/li>\n<\/ul>\n<ul>\n<li>Le r\u00f4le de l\u2019audioproth\u00e9siste est d\u2019accompagner la personne dans\u00a0son\u00a0processus de d\u00e9cision\u00a0en s\u2019assurant qu\u2019elle comprend bien les choix qui s\u2019offrent \u00e0 elle\u00a0afin qu\u2019elle puisse\u00a0ensuite faire\u00a0un\u00a0choix libre et\u00a0\u00e9clair\u00e9.\u202f\u00a0<\/li>\n<\/ul>\n<ul>\n<li>Si le type de\u00a0proth\u00e8se auditive le requiert, l\u2019audioproth\u00e9siste proc\u00e8de \u00e0 une\u00a0prise d\u2019empreinte auriculaire.\u00a0Cette \u00e9tape consiste \u00e0 ins\u00e9rer d\u00e9licatement un coton ou une mousse de protection dans le conduit auditif pour prot\u00e9ger le tympan, puis \u00e0 injecter une p\u00e2te de silicone qui prendra la forme exacte du conduit auditif et du pavillon de l\u2019oreille. Une fois durcie, l\u2019empreinte est retir\u00e9e et servira \u00e0 fabriquer un embout ou une proth\u00e8se adapt\u00e9e \u00e0 l\u2019anatomie de l\u2019oreille de la personne.\u00a0<\/li>\n<\/ul>\n<p>[\/et_pb_text][\/et_pb_column][\/et_pb_row][\/et_pb_section][et_pb_section fb_built=\u00a0\u00bb1&Prime; _builder_version=\u00a0\u00bb4.27.6&Prime; _module_preset=\u00a0\u00bb7d762f5a-aa88-4157-a829-8a939f27e3e9&Prime; hover_enabled=\u00a0\u00bb0&Prime; global_colors_info=\u00a0\u00bb{}\u00a0\u00bb theme_builder_area=\u00a0\u00bbet_body_layout\u00a0\u00bb sticky_enabled=\u00a0\u00bb0&Prime; custom_padding=\u00a0\u00bb75px||100px||false|false\u00a0\u00bb][et_pb_row column_structure=\u00a0\u00bb2_3,1_3&Prime; _builder_version=\u00a0\u00bb4.27.6&Prime; _module_preset=\u00a0\u00bb34ebdddb-ba4e-47a4-ad6e-f7a0f2f689bf\u00a0\u00bb custom_padding=\u00a0\u00bb|76px|0px|76px|false|true\u00a0\u00bb hover_enabled=\u00a0\u00bb0&Prime; global_colors_info=\u00a0\u00bb{}\u00a0\u00bb custom_css_main_element_last_edited=\u00a0\u00bbon|desktop\u00a0\u00bb custom_css_main_element_phone=\u00a0\u00bbdisplay: flex;||flex-wrap: wrap;\u00a0\u00bb theme_builder_area=\u00a0\u00bbet_body_layout\u00a0\u00bb sticky_enabled=\u00a0\u00bb0&Prime;][et_pb_column type=\u00a0\u00bb2_3&Prime; _builder_version=\u00a0\u00bb4.27.6&Prime; custom_padding=\u00a0\u00bb|||\u00a0\u00bb hover_enabled=\u00a0\u00bb0&Prime; custom_css_main_element=\u00a0\u00bborder: 1;\u00a0\u00bb global_colors_info=\u00a0\u00bb{}\u00a0\u00bb custom_padding__hover=\u00a0\u00bb|||\u00a0\u00bb theme_builder_area=\u00a0\u00bbet_body_layout\u00a0\u00bb sticky_enabled=\u00a0\u00bb0&Prime;][et_pb_text _builder_version=\u00a0\u00bb4.27.6&Prime; background_size=\u00a0\u00bbinitial\u00a0\u00bb background_position=\u00a0\u00bbtop_left\u00a0\u00bb background_repeat=\u00a0\u00bbrepeat\u00a0\u00bb hover_enabled=\u00a0\u00bb0&Prime; global_colors_info=\u00a0\u00bb{}\u00a0\u00bb theme_builder_area=\u00a0\u00bbet_body_layout\u00a0\u00bb sticky_enabled=\u00a0\u00bb0&Prime;]<\/p>\n<h2>Deuxi\u00e8me visite \u2013 Livraison et ajustement des proth\u00e8ses auditives<\/h2>\n<p>Une fois les proth\u00e8ses auditives choisies, l\u2019audioproth\u00e9siste proc\u00e8de \u00e0 leur adaptation. Cela comprend :<\/p>\n<ol><\/ol>\n<ul>\n<li>l\u2019ajustement des param\u00e8tres\u202fphysiques\u202fet acoustiques selon les besoins auditifs de la personne, incluant entre autres des mesures au tympan avec sonde microphonique;\u202f <\/li>\n<li>les recommandations sur l\u2019utilisation, l\u2019entretien et la manipulation des appareils;\u202f <\/li>\n<li>la v\u00e9rification du confort et de la compr\u00e9hension des consignes.\u202f<\/li>\n<\/ul>\n<p>Quelques rencontres pourraient \u00eatre n\u00e9cessaires pour optimiser l\u2019adaptation et assurer une utilisation efficace des proth\u00e8ses auditives.\u202f <\/p>\n<p>[\/et_pb_text][\/et_pb_column][et_pb_column type=\u00a0\u00bb1_3&Prime; _builder_version=\u00a0\u00bb4.19.0&Prime; custom_padding=\u00a0\u00bb|||\u00a0\u00bb custom_css_main_element=\u00a0\u00bborder: 2;\u00a0\u00bb global_colors_info=\u00a0\u00bb{}\u00a0\u00bb custom_padding__hover=\u00a0\u00bb|||\u00a0\u00bb theme_builder_area=\u00a0\u00bbet_body_layout\u00a0\u00bb][\/et_pb_column][\/et_pb_row][\/et_pb_section][et_pb_section fb_built=\u00a0\u00bb1&Prime; _builder_version=\u00a0\u00bb4.27.6&Prime; _module_preset=\u00a0\u00bba0bf4bbc-ca13-4332-aaa3-530026babc6a\u00a0\u00bb hover_enabled=\u00a0\u00bb0&Prime; global_colors_info=\u00a0\u00bb{}\u00a0\u00bb theme_builder_area=\u00a0\u00bbet_body_layout\u00a0\u00bb sticky_enabled=\u00a0\u00bb0&Prime;][et_pb_row column_structure=\u00a0\u00bb1_3,2_3&Prime; _builder_version=\u00a0\u00bb4.27.6&Prime; _module_preset=\u00a0\u00bb34ebdddb-ba4e-47a4-ad6e-f7a0f2f689bf\u00a0\u00bb custom_padding=\u00a0\u00bb|76px|0px|76px|false|true\u00a0\u00bb hover_enabled=\u00a0\u00bb0&Prime; global_colors_info=\u00a0\u00bb{}\u00a0\u00bb custom_css_main_element_last_edited=\u00a0\u00bbon|desktop\u00a0\u00bb custom_css_main_element_phone=\u00a0\u00bbdisplay: flex;||flex-wrap: wrap;\u00a0\u00bb theme_builder_area=\u00a0\u00bbet_body_layout\u00a0\u00bb sticky_enabled=\u00a0\u00bb0&Prime;][et_pb_column type=\u00a0\u00bb1_3&Prime; _builder_version=\u00a0\u00bb4.19.0&Prime; custom_padding=\u00a0\u00bb|||\u00a0\u00bb custom_css_main_element=\u00a0\u00bborder: 2;\u00a0\u00bb global_colors_info=\u00a0\u00bb{}\u00a0\u00bb custom_padding__hover=\u00a0\u00bb|||\u00a0\u00bb theme_builder_area=\u00a0\u00bbet_body_layout\u00a0\u00bb][et_pb_code admin_label=\u00a0\u00bbIcone ampoule\u00a0\u00bb _builder_version=\u00a0\u00bb4.27.6&Prime; _module_preset=\u00a0\u00bbdefault\u00a0\u00bb transform_scale_tablet=\u00a0\u00bb\u00a0\u00bb transform_scale_phone=\u00a0\u00bb\u00a0\u00bb transform_scale_last_edited=\u00a0\u00bbon|desktop\u00a0\u00bb transform_translate=\u00a0\u00bb0px|-130px\u00a0\u00bb transform_translate_tablet=\u00a0\u00bb0px|0px\u00a0\u00bb transform_translate_phone=\u00a0\u00bb0px|0px\u00a0\u00bb transform_translate_last_edited=\u00a0\u00bbon|desktop\u00a0\u00bb transform_translate_linked=\u00a0\u00bboff\u00a0\u00bb transform_rotate_tablet=\u00a0\u00bb\u00a0\u00bb transform_rotate_phone=\u00a0\u00bb\u00a0\u00bb transform_rotate_last_edited=\u00a0\u00bbon|desktop\u00a0\u00bb transform_skew_tablet=\u00a0\u00bb\u00a0\u00bb transform_skew_phone=\u00a0\u00bb\u00a0\u00bb transform_skew_last_edited=\u00a0\u00bbon|desktop\u00a0\u00bb transform_origin_tablet=\u00a0\u00bb\u00a0\u00bb transform_origin_phone=\u00a0\u00bb\u00a0\u00bb transform_origin_last_edited=\u00a0\u00bbon|desktop\u00a0\u00bb transform_styles_last_edited=\u00a0\u00bbon|desktop\u00a0\u00bb text_orientation=\u00a0\u00bbright\u00a0\u00bb max_width=\u00a0\u00bb550px\u00a0\u00bb module_alignment=\u00a0\u00bbcenter\u00a0\u00bb hover_enabled=\u00a0\u00bb0&Prime; transform_styles_tablet=\u00a0\u00bb\u00a0\u00bb transform_styles_phone=\u00a0\u00bb\u00a0\u00bb text_orientation_tablet=\u00a0\u00bbcenter\u00a0\u00bb text_orientation_phone=\u00a0\u00bbcenter\u00a0\u00bb text_orientation_last_edited=\u00a0\u00bbon|tablet\u00a0\u00bb custom_css_main_element=\u00a0\u00bbmargin:auto;\u00a0\u00bb global_colors_info=\u00a0\u00bb{}\u00a0\u00bb theme_builder_area=\u00a0\u00bbet_body_layout\u00a0\u00bb sticky_enabled=\u00a0\u00bb0&Prime;]<svg xmlns=\"http:\/\/www.w3.org\/2000\/svg\" width=\"50%\" height=\"50%\" viewBox=\"0 0 360.25 387.925\"><!-- [et_pb_line_break_holder] -->  <rect id=\"Rectangle_105\" data-name=\"Rectangle 105\" width=\"305.462\" height=\"308.291\" rx=\"152.731\" transform=\"translate(0 55.051)\" fill=\"#eaa04c\"\/><!-- [et_pb_line_break_holder] -->  <g id=\"SVGRepo_iconCarrier\" transform=\"translate(100.06 -0.749)\"><!-- [et_pb_line_break_holder] -->    <path id=\"Trac\u00e9_29\" data-name=\"Trac\u00e9 29\" d=\"M133.382,1.262C70.673,1.262,7.19,48.9,7.19,139.97a9.677,9.677,0,0,0,19.355,0h0c0-82,55.38-119.354,106.838-119.354S240.22,57.971,240.22,139.97c.065,1.574.09,3.419.09,5.277a154.24,154.24,0,0,1-2.658,28.555l.155-.955A135.735,135.735,0,0,1,210.052,230.6l.194-.232c-2.542,3.071-5.368,5.871-8.142,8.645a106.677,106.677,0,0,0-12.516,14.155l-.206.3a215.119,215.119,0,0,0-15.226,26.542l-.581,1.329a136.112,136.112,0,0,0-8.981,20.658L164.3,303a59.749,59.749,0,0,0-2.284,12.993l-.013.194a45.977,45.977,0,0,1-1.535,9.368l.077-.323a66.98,66.98,0,0,1-4.1,10.7l.181-.4a55.292,55.292,0,0,1-12.387,16l-.052.052a71.041,71.041,0,0,1-37.909,16.5l-.335.026a81.212,81.212,0,0,1-10.722.7A83.2,83.2,0,0,1,62.7,362.239l.542.206A59.376,59.376,0,0,1,33.616,335.7l-.155-.31a61.1,61.1,0,0,1-6.142-26.89v-.787a9.677,9.677,0,1,0-19.355,0h0v.748a80.869,80.869,0,0,0,8.413,36.064l-.206-.477a79.02,79.02,0,0,0,38.9,36l.516.194a97.643,97.643,0,0,0,38.9,7.935h.439a106.948,106.948,0,0,0,14.013-.916l-.542.065a89.511,89.511,0,0,0,48.748-21.368l-.116.09a74.472,74.472,0,0,0,16.645-21.368l.194-.413a80.683,80.683,0,0,0,4.981-12.684l.155-.606a58.563,58.563,0,0,0,2.232-12.748l.013-.181a47.748,47.748,0,0,1,1.587-9.639l-.077.335a127.424,127.424,0,0,1,8.452-19.484l-.335.684a201.323,201.323,0,0,1,14.826-26.18l-.464.723A89.821,89.821,0,0,1,215.73,252.7l.052-.039c3.226-3.226,6.452-6.452,9.406-10.026a154.043,154.043,0,0,0,31.367-64.761l.194-1.019a163.281,163.281,0,0,0,2.942-31.29c0-1.974-.039-3.935-.1-5.9l.013.284c0-91.07-63.483-138.708-126.192-138.708Zm2.645,200.307a26.964,26.964,0,0,1-5.781.916h-.065a53.234,53.234,0,0,0-44.812,52.49c0,.387,0,.774.013,1.161v-.064c0,30.193-32.258,30.193-32.258,0a9.677,9.677,0,1,0-19.355,0h0a34.706,34.706,0,0,0-.219,3.987A37.283,37.283,0,0,0,69.176,297.3h.077a37.3,37.3,0,0,0,35.7-37.238,36.849,36.849,0,0,0-.232-4.155l.013.168v-.477a34.475,34.475,0,0,1,29.406-34.1l.194-.026a28.294,28.294,0,0,0,11.2-3.019l-.155.077a26.546,26.546,0,0,0,7.935-7.239l.052-.077a65.377,65.377,0,0,0,2.594-79.16l.142.194A60.543,60.543,0,0,0,77.383,115.7l.3-.155a58.629,58.629,0,0,1,56.167-46.283h.348A55.936,55.936,0,0,1,174.556,86.4l.013.013a74.558,74.558,0,0,1,19.019,49.883c0,1.29-.039,2.555-.09,3.832l.013-.181a9.677,9.677,0,0,0,19.355,0h0a78.32,78.32,0,0,0,.4-8.077A81.993,81.993,0,0,0,134.04,49.919h-.129A82.069,82.069,0,0,0,55,140.293l-.026-.348a9.681,9.681,0,0,0,9.677,9.677h0a9.538,9.538,0,0,0,9.2-7.329l.013-.065c.439-.348,1.058-.271,1.445-.7a42.052,42.052,0,0,1,65.264,2.258l.077.1A46.005,46.005,0,0,1,138,199.453l.065-.077a9.318,9.318,0,0,1-1.987,2.155l-.026.013Z\" transform=\"translate(0)\" fill=\"#003d4c\" stroke=\"#003d4c\" stroke-width=\"1\"\/><!-- [et_pb_line_break_holder] -->  <\/g><!-- [et_pb_line_break_holder] --><\/svg><!-- [et_pb_line_break_holder] -->[\/et_pb_code][\/et_pb_column][et_pb_column type=\u00a0\u00bb2_3&Prime; _builder_version=\u00a0\u00bb4.27.6&Prime; custom_padding=\u00a0\u00bb|||\u00a0\u00bb hover_enabled=\u00a0\u00bb0&Prime; custom_css_main_element=\u00a0\u00bborder: 1;\u00a0\u00bb global_colors_info=\u00a0\u00bb{}\u00a0\u00bb custom_padding__hover=\u00a0\u00bb|||\u00a0\u00bb theme_builder_area=\u00a0\u00bbet_body_layout\u00a0\u00bb sticky_enabled=\u00a0\u00bb0&Prime;][et_pb_text _builder_version=\u00a0\u00bb4.27.6&Prime; background_size=\u00a0\u00bbinitial\u00a0\u00bb background_position=\u00a0\u00bbtop_left\u00a0\u00bb background_repeat=\u00a0\u00bbrepeat\u00a0\u00bb hover_enabled=\u00a0\u00bb0&Prime; global_colors_info=\u00a0\u00bb{}\u00a0\u00bb theme_builder_area=\u00a0\u00bbet_body_layout\u00a0\u00bb sticky_enabled=\u00a0\u00bb0&Prime;]<\/p>\n<h2>Suivi proth\u00e9tique\u202fet suivi de contr\u00f4le<\/h2>\n<p>Apr\u00e8s l\u2019ajustement des proth\u00e8ses auditives, l\u2019audioproth\u00e9siste effectue un suivi pour s\u2019assurer que la personne s\u2019adapte bien \u00e0 ses appareils et qu\u2019ils r\u00e9pondent ad\u00e9quatement \u00e0 ses besoins. Ce suivi peut comprendre des ajustements techniques, des conseils d\u2019utilisation, ainsi que la v\u00e9rification du confort et de la satisfaction.\u202f<\/p>\n<p>L&rsquo;audioproth\u00e9siste planifie des rencontres de suivi \u00e0 court et moyen terme, et demeure disponible pour toute question ou ajustement n\u00e9cessaire. Ce service est essentiel pour garantir l\u2019efficacit\u00e9 et la durabilit\u00e9 de l\u2019appareillage.\u202f<\/p>\n<p>[\/et_pb_text][\/et_pb_column][\/et_pb_row][\/et_pb_section]<\/p>\n","protected":false},"excerpt":{"rendered":"<p>Voici les principales \u00e9tapes d\u2019un parcours typique chez un audioproth\u00e9siste.\u00a0Premi\u00e8re visite &#8211; Accueil et ouverture du dossier\u202f Lors de la premi\u00e8re rencontre, l\u2019audioproth\u00e9siste accueille la personne et prend le temps de discuter avec elle afin de bien cerner sa situation, ses besoins de communication et ses attentes.\u00a0Il recueille ensuite les informations personnelles, m\u00e9dicales et administratives [&hellip;]<\/p>\n","protected":false},"author":1,"featured_media":5293,"parent":10412,"menu_order":0,"comment_status":"closed","ping_status":"closed","template":"","meta":{"_et_pb_use_builder":"on","_et_pb_old_content":"","_et_gb_content_width":"","footnotes":""},"class_list":["post-10432","page","type-page","status-publish","has-post-thumbnail","hentry"],"acf":[],"_links":{"self":[{"href":"https:\/\/audioprothesistes.org\/staging20260303\/wp-json\/wp\/v2\/pages\/10432","targetHints":{"allow":["GET"]}}],"collection":[{"href":"https:\/\/audioprothesistes.org\/staging20260303\/wp-json\/wp\/v2\/pages"}],"about":[{"href":"https:\/\/audioprothesistes.org\/staging20260303\/wp-json\/wp\/v2\/types\/page"}],"author":[{"embeddable":true,"href":"https:\/\/audioprothesistes.org\/staging20260303\/wp-json\/wp\/v2\/users\/1"}],"replies":[{"embeddable":true,"href":"https:\/\/audioprothesistes.org\/staging20260303\/wp-json\/wp\/v2\/comments?post=10432"}],"version-history":[{"count":9,"href":"https:\/\/audioprothesistes.org\/staging20260303\/wp-json\/wp\/v2\/pages\/10432\/revisions"}],"predecessor-version":[{"id":10466,"href":"https:\/\/audioprothesistes.org\/staging20260303\/wp-json\/wp\/v2\/pages\/10432\/revisions\/10466"}],"up":[{"embeddable":true,"href":"https:\/\/audioprothesistes.org\/staging20260303\/wp-json\/wp\/v2\/pages\/10412"}],"wp:featuredmedia":[{"embeddable":true,"href":"https:\/\/audioprothesistes.org\/staging20260303\/wp-json\/wp\/v2\/media\/5293"}],"wp:attachment":[{"href":"https:\/\/audioprothesistes.org\/staging20260303\/wp-json\/wp\/v2\/media?parent=10432"}],"curies":[{"name":"wp","href":"https:\/\/api.w.org\/{rel}","templated":true}]}}