{"id":4794,"date":"2023-03-31T15:05:05","date_gmt":"2023-03-31T19:05:05","guid":{"rendered":"https:\/\/dev2.eklore.ca\/oaq\/?page_id=4794"},"modified":"2026-03-03T17:09:18","modified_gmt":"2026-03-03T22:09:18","slug":"vos-droits","status":"publish","type":"page","link":"https:\/\/audioprothesistes.org\/staging20260303\/public\/protection-du-public\/vos-droits\/","title":{"rendered":"Vos droits"},"content":{"rendered":"<p>[et_pb_section fb_built=\u00a0\u00bb1&Prime; admin_label=\u00a0\u00bbProcessus disciplinaire\u00a0\u00bb module_id=\u00a0\u00bbprocessus\u00a0\u00bb _builder_version=\u00a0\u00bb4.19.0&Prime; _module_preset=\u00a0\u00bba0bf4bbc-ca13-4332-aaa3-530026babc6a\u00a0\u00bb global_colors_info=\u00a0\u00bb{}\u00a0\u00bb theme_builder_area=\u00a0\u00bbpost_content\u00a0\u00bb][et_pb_row _builder_version=\u00a0\u00bb4.19.0&Prime; _module_preset=\u00a0\u00bb34ebdddb-ba4e-47a4-ad6e-f7a0f2f689bf\u00a0\u00bb global_colors_info=\u00a0\u00bb{}\u00a0\u00bb theme_builder_area=\u00a0\u00bbpost_content\u00a0\u00bb][et_pb_column type=\u00a0\u00bb4_4&Prime; _builder_version=\u00a0\u00bb4.19.0&Prime; _module_preset=\u00a0\u00bbdefault\u00a0\u00bb global_colors_info=\u00a0\u00bb{}\u00a0\u00bb theme_builder_area=\u00a0\u00bbpost_content\u00a0\u00bb][et_pb_text _builder_version=\u00a0\u00bb4.27.6&Prime; _module_preset=\u00a0\u00bbdefault\u00a0\u00bb header_3_text_color=\u00a0\u00bb#EAA04C\u00a0\u00bb hover_enabled=\u00a0\u00bb0&Prime; global_colors_info=\u00a0\u00bb{}\u00a0\u00bb theme_builder_area=\u00a0\u00bbpost_content\u00a0\u00bb sticky_enabled=\u00a0\u00bb0&Prime;]<\/p>\n<h2>L\u2019Ordre a pour mission premi\u00e8re de prot\u00e9ger le public.<\/h2>\n<p>[\/et_pb_text][\/et_pb_column][\/et_pb_row][et_pb_row column_structure=\u00a0\u00bb1_4,3_4&Prime; _builder_version=\u00a0\u00bb4.19.0&Prime; _module_preset=\u00a0\u00bb34ebdddb-ba4e-47a4-ad6e-f7a0f2f689bf\u00a0\u00bb custom_padding=\u00a0\u00bb0px|75px||75px|false|true\u00a0\u00bb global_colors_info=\u00a0\u00bb{}\u00a0\u00bb theme_builder_area=\u00a0\u00bbpost_content\u00a0\u00bb][et_pb_column type=\u00a0\u00bb1_4&Prime; _builder_version=\u00a0\u00bb4.19.0&Prime; _module_preset=\u00a0\u00bbdefault\u00a0\u00bb global_colors_info=\u00a0\u00bb{}\u00a0\u00bb theme_builder_area=\u00a0\u00bbpost_content\u00a0\u00bb][et_pb_code admin_label=\u00a0\u00bbIcone \u00e9toile\u00a0\u00bb _builder_version=\u00a0\u00bb4.19.0&Prime; _module_preset=\u00a0\u00bbdefault\u00a0\u00bb text_orientation=\u00a0\u00bbcenter\u00a0\u00bb max_width=\u00a0\u00bb550px\u00a0\u00bb text_orientation_tablet=\u00a0\u00bbcenter\u00a0\u00bb text_orientation_phone=\u00a0\u00bbcenter\u00a0\u00bb text_orientation_last_edited=\u00a0\u00bbon|tablet\u00a0\u00bb custom_css_main_element=\u00a0\u00bbmargin:auto;\u00a0\u00bb global_colors_info=\u00a0\u00bb{}\u00a0\u00bb theme_builder_area=\u00a0\u00bbpost_content\u00a0\u00bb]<svg xmlns=\"http:\/\/www.w3.org\/2000\/svg\" width=\"50%\" height=\"50%\" viewBox=\"0 0 363.042 396.455\"><!-- [et_pb_line_break_holder] -->  <rect id=\"Rectangle_147\" data-name=\"Rectangle 147\" width=\"337.193\" height=\"337.193\" rx=\"168.596\" transform=\"translate(25.849 59.262)\" fill=\"#eaa04c\"\/><!-- [et_pb_line_break_holder] -->  <g id=\"SVGRepo_iconCarrier\" transform=\"translate(0.665 -14.325)\"><!-- [et_pb_line_break_holder] -->    <path id=\"Trac\u00e9_30\" data-name=\"Trac\u00e9 30\" d=\"M171.338,15l47.594,43.177L283.165,55.7l8.7,63.7,50.811,39.37-34.268,54.371,13.612,62.843-61.206,19.609L230.85,352.46l-59.511-24.311L111.827,352.46,81.862,295.595,20.656,275.986l13.612-62.842L0,158.772,50.811,119.4l8.7-63.7,64.233,2.475Zm0,25.7-34.82,31.583L130.769,77.5,123,77.215,76.017,75.406l-6.359,46.566-1.047,7.71-6.149,4.74-37.142,28.8,25.053,39.788,4.15,6.549-1.656,7.615L42.93,263.117l44.757,14.354,7.406,2.38,3.636,6.872L120.622,328.3l43.52-17.762,7.2-2.951,7.2,2.951,43.52,17.762,21.912-41.578,3.617-6.872,7.406-2.38,44.757-14.354-9.938-45.938-1.656-7.615,4.15-6.549,25.072-39.788-37.161-28.8-6.149-4.74-1.047-7.71L266.64,75.406l-46.947,1.809-7.786.286-5.749-5.216Zm60.871,109.493,11.518,15.173L143.494,241.441,97.975,195.922l13.46-13.46,33.773,33.773,87-66.041Z\" fill=\"#003d4c\" stroke=\"#003d4c\" stroke-width=\"1\" fill-rule=\"evenodd\"\/><!-- [et_pb_line_break_holder] -->  <\/g><!-- [et_pb_line_break_holder] --><\/svg><!-- [et_pb_line_break_holder] -->[\/et_pb_code][\/et_pb_column][et_pb_column type=\u00a0\u00bb3_4&Prime; _builder_version=\u00a0\u00bb4.19.0&Prime; _module_preset=\u00a0\u00bbdefault\u00a0\u00bb global_colors_info=\u00a0\u00bb{}\u00a0\u00bb theme_builder_area=\u00a0\u00bbpost_content\u00a0\u00bb][et_pb_text _builder_version=\u00a0\u00bb4.27.6&Prime; _module_preset=\u00a0\u00bbdefault\u00a0\u00bb header_3_text_color=\u00a0\u00bb#EAA04C\u00a0\u00bb hover_enabled=\u00a0\u00bb0&Prime; global_colors_info=\u00a0\u00bb{}\u00a0\u00bb theme_builder_area=\u00a0\u00bbpost_content\u00a0\u00bb sticky_enabled=\u00a0\u00bb0&Prime;]<\/p>\n<p>Vous avez des doutes concernant les services offerts par un audioproth\u00e9siste? Vous vous questionnez sur la pratique d\u2019une personne qui se pr\u00e9sente comme audioproth\u00e9siste ou qui pose des actes r\u00e9serv\u00e9s \u00e0 la profession?<\/p>\n<p>Vous pouvez v\u00e9rifier si votre audioproth\u00e9siste\u00a0:<\/p>\n<ul>\n<li>est enregistr\u00e9 au\u00a0<a href=\"https:\/\/audioprothesistes.org\/trouver-un-audioprothesiste\/\">Tableau de l\u2019Ordre<\/a>, afin de v\u00e9rifier la l\u00e9galit\u00e9 de sa pratique;<\/li>\n<li>pratique l\u00e9galement, mais avec certaines limites qui lui ont \u00e9t\u00e9 impos\u00e9es par le <a href=\"https:\/\/citoyens.soquij.qc.ca\/\">conseil de discipline<\/a>;<\/li>\n<li>a fait l\u2019objet de\u00a0mesures disciplinaires \u00e0 la suite d\u2019une infraction \u00e0 la r\u00e9glementation;<\/li>\n<li>a \u00e9t\u00e9 <a href=\"https:\/\/audioprothesistes.org\/information-au-public\/conseil-discipline\/\">radi\u00e9<\/a> d\u2019office.<\/li>\n<\/ul>\n<p>En tout temps, vous pouvez communiquer avec l\u2019Ordre des audioproth\u00e9sistes du Qu\u00e9bec si vous avez un doute ou un soup\u00e7on concernant les agissements d\u2019un professionnel ou d\u2019une personne qui exercerait ill\u00e9galement.<\/p>\n<p>[\/et_pb_text][\/et_pb_column][\/et_pb_row][\/et_pb_section][et_pb_section fb_built=\u00a0\u00bb1&Prime; admin_label=\u00a0\u00bbSyndic\u00a0\u00bb module_id=\u00a0\u00bbsyndic\u00a0\u00bb _builder_version=\u00a0\u00bb4.19.0&Prime; _module_preset=\u00a0\u00bbdefault\u00a0\u00bb custom_padding=\u00a0\u00bb25px||||false|false\u00a0\u00bb global_colors_info=\u00a0\u00bb{}\u00a0\u00bb theme_builder_area=\u00a0\u00bbpost_content\u00a0\u00bb][et_pb_row column_structure=\u00a0\u00bb3_4,1_4&Prime; _builder_version=\u00a0\u00bb4.19.0&Prime; _module_preset=\u00a0\u00bb34ebdddb-ba4e-47a4-ad6e-f7a0f2f689bf\u00a0\u00bb global_colors_info=\u00a0\u00bb{}\u00a0\u00bb theme_builder_area=\u00a0\u00bbpost_content\u00a0\u00bb][et_pb_column type=\u00a0\u00bb3_4&Prime; _builder_version=\u00a0\u00bb4.19.0&Prime; _module_preset=\u00a0\u00bbdefault\u00a0\u00bb global_colors_info=\u00a0\u00bb{}\u00a0\u00bb theme_builder_area=\u00a0\u00bbpost_content\u00a0\u00bb][et_pb_text _builder_version=\u00a0\u00bb4.27.6&Prime; _module_preset=\u00a0\u00bbdefault\u00a0\u00bb hover_enabled=\u00a0\u00bb0&Prime; global_colors_info=\u00a0\u00bb{}\u00a0\u00bb theme_builder_area=\u00a0\u00bbpost_content\u00a0\u00bb sticky_enabled=\u00a0\u00bb0&Prime;]<\/p>\n<h2>R\u00e8gles de pratique<\/h2>\n<p>En tant que professionnel, l\u2019audioproth\u00e9siste est tenu de respecter les devoirs et obligations prescrits dans le\u00a0<a href=\"https:\/\/www.legisquebec.gouv.qc.ca\/fr\/document\/lc\/c-26\"><em>Code des professions<\/em><\/a>, la\u00a0<a href=\"https:\/\/www.legisquebec.gouv.qc.ca\/fr\/document\/lc\/a-33\"><em>Loi sur les audioproth\u00e9sistes<\/em><\/a>,\u00a0les r\u00e8glements de l\u2019Ordre, notamment le\u00a0<a href=\"https:\/\/www.legisquebec.gouv.qc.ca\/fr\/document\/rc\/a-33,%20r.%203\"><em>Code de d\u00e9ontologie des audioproth\u00e9sistes<\/em><\/a>\u00a0et le\u00a0<a href=\"https:\/\/www.legisquebec.gouv.qc.ca\/fr\/document\/rc\/a-33,%20r.%206#:~:text=Un%20audioproth%C3%A9siste%20qui%20s'absente,la%20dur%C3%A9e%20de%20cette%20absence.\"><em>R\u00e8glement sur les dossiers, les cabinets de consultation et la cessation d\u2019exercice des audioproth\u00e9sistes<\/em>.<\/a><\/p>\n<p>[\/et_pb_text][\/et_pb_column][et_pb_column type=\u00a0\u00bb1_4&Prime; _builder_version=\u00a0\u00bb4.19.0&Prime; _module_preset=\u00a0\u00bbdefault\u00a0\u00bb global_colors_info=\u00a0\u00bb{}\u00a0\u00bb theme_builder_area=\u00a0\u00bbpost_content\u00a0\u00bb][et_pb_code admin_label=\u00a0\u00bbIcone main\u00a0\u00bb _builder_version=\u00a0\u00bb4.19.0&Prime; _module_preset=\u00a0\u00bbdefault\u00a0\u00bb text_orientation=\u00a0\u00bbleft\u00a0\u00bb max_width=\u00a0\u00bb550px\u00a0\u00bb text_orientation_tablet=\u00a0\u00bbcenter\u00a0\u00bb text_orientation_phone=\u00a0\u00bbcenter\u00a0\u00bb text_orientation_last_edited=\u00a0\u00bbon|tablet\u00a0\u00bb custom_css_main_element=\u00a0\u00bbmargin:auto;\u00a0\u00bb global_colors_info=\u00a0\u00bb{}\u00a0\u00bb theme_builder_area=\u00a0\u00bbpost_content\u00a0\u00bb]<svg xmlns=\"http:\/\/www.w3.org\/2000\/svg\" xmlns:xlink=\"http:\/\/www.w3.org\/1999\/xlink\" width=\"50%\" height=\"50%\" viewBox=\"0 0 379 406.726\"><!-- [et_pb_line_break_holder] -->  <defs><!-- [et_pb_line_break_holder] -->    <clipPath id=\"clip-path\"><!-- [et_pb_line_break_holder] -->      <rect id=\"Rectangle_182\" data-name=\"Rectangle 182\" width=\"260.803\" height=\"406.726\" fill=\"none\"\/><!-- [et_pb_line_break_holder] -->    <\/clipPath><!-- [et_pb_line_break_holder] -->  <\/defs><!-- [et_pb_line_break_holder] -->  <rect id=\"Rectangle_105\" data-name=\"Rectangle 105\" width=\"305.462\" height=\"308.291\" rx=\"152.731\" transform=\"translate(0 54.551)\" fill=\"#eaa04c\"\/><!-- [et_pb_line_break_holder] -->  <g id=\"Groupe_77\" data-name=\"Groupe 77\" transform=\"translate(118.197)\"><!-- [et_pb_line_break_holder] -->    <g id=\"Groupe_76\" data-name=\"Groupe 76\" transform=\"translate(0 0)\" clip-path=\"url(#clip-path)\"><!-- [et_pb_line_break_holder] -->      <path id=\"Trac\u00e9_32\" data-name=\"Trac\u00e9 32\" d=\"M254.515,167.459a11.01,11.01,0,0,0-3-8.022c-2.879-3.078-7.654-4.774-13.437-4.774-8.777,0-19.921,3.761-28.664,11.966L206.257,60.656c-.335-23.474-16.952-34.163-32.251-34.163a30.87,30.87,0,0,0-15.133,3.863C156.952,9.507,141.064,0,126.931,0,111.7,0,95.307,10.622,95.307,33.994l.055,4.5a32.78,32.78,0,0,0-13.115-2.519c-17.482,0-35.792,11.86-36.173,31.763l-.123,23.775a30.829,30.829,0,0,0-10.974-1.925C18.021,89.592,0,101.668,0,124.052L0,252.7c3.655,95.011,51.531,154.026,124.951,154.026,42.313,0,77.019-14.082,100.37-40.736,23.55-26.875,35.491-65.155,35.478-114.092ZM124.955,392.547c-65.986,0-107.4-52.443-110.771-140.118V124.052c0-13.174,10.711-20.285,20.794-20.285,3.859,0,7.272,1.115,9.129,2.981a6.232,6.232,0,0,1,1.73,4.677v83.744H60.02V111.484l.237-43.56c.216-11.118,11.351-17.767,21.99-17.767,3.909,0,13.017.988,13.293,10.062l.008,123.306h14.184V56.391l-.242-22.465c0-13.645,8.76-19.751,17.44-19.751,7.637,0,16.9,4.707,17.851,17.792l.636,19.085v128.11H159.6V51.565c1.289-8.027,8.536-10.889,14.4-10.889,8.2,0,17.856,5.3,18.068,20.285l3.88,131.154v46.146c-18,2.709-72.321,14.862-86.543,63.985l-1.166,4.02,13.632,3.931,1.158-4.011c14.349-49.568,79.8-54.5,80.454-54.546l6.644-.424V192.943c4.266-17.542,19.357-24.1,27.947-24.1a14.481,14.481,0,0,1,2.362.187l6.195,83.4c0,89.045-44.348,140.118-121.682,140.118\" transform=\"translate(0 0)\" fill=\"#30404f\"\/><!-- [et_pb_line_break_holder] -->    <\/g><!-- [et_pb_line_break_holder] -->  <\/g><!-- [et_pb_line_break_holder] --><\/svg><!-- [et_pb_line_break_holder] -->[\/et_pb_code][\/et_pb_column][\/et_pb_row][\/et_pb_section][et_pb_section fb_built=\u00a0\u00bb1&Prime; admin_label=\u00a0\u00bbExercice ill\u00e9gal\u00a0\u00bb _builder_version=\u00a0\u00bb4.19.0&Prime; _module_preset=\u00a0\u00bba0bf4bbc-ca13-4332-aaa3-530026babc6a\u00a0\u00bb custom_padding=\u00a0\u00bb25px||||false|false\u00a0\u00bb global_colors_info=\u00a0\u00bb{}\u00a0\u00bb theme_builder_area=\u00a0\u00bbpost_content\u00a0\u00bb][et_pb_row column_structure=\u00a0\u00bb1_4,3_4&Prime; _builder_version=\u00a0\u00bb4.19.0&Prime; _module_preset=\u00a0\u00bb34ebdddb-ba4e-47a4-ad6e-f7a0f2f689bf\u00a0\u00bb global_colors_info=\u00a0\u00bb{}\u00a0\u00bb theme_builder_area=\u00a0\u00bbpost_content\u00a0\u00bb][et_pb_column type=\u00a0\u00bb1_4&Prime; _builder_version=\u00a0\u00bb4.19.0&Prime; _module_preset=\u00a0\u00bbdefault\u00a0\u00bb global_colors_info=\u00a0\u00bb{}\u00a0\u00bb theme_builder_area=\u00a0\u00bbpost_content\u00a0\u00bb][et_pb_code admin_label=\u00a0\u00bbIcone \u00e9toile\u00a0\u00bb _builder_version=\u00a0\u00bb4.27.6&Prime; _module_preset=\u00a0\u00bbdefault\u00a0\u00bb text_orientation=\u00a0\u00bbcenter\u00a0\u00bb max_width=\u00a0\u00bb550px\u00a0\u00bb hover_enabled=\u00a0\u00bb0&Prime; text_orientation_tablet=\u00a0\u00bbcenter\u00a0\u00bb text_orientation_phone=\u00a0\u00bbcenter\u00a0\u00bb text_orientation_last_edited=\u00a0\u00bbon|tablet\u00a0\u00bb custom_css_main_element=\u00a0\u00bbmargin:auto;\u00a0\u00bb global_colors_info=\u00a0\u00bb{}\u00a0\u00bb theme_builder_area=\u00a0\u00bbpost_content\u00a0\u00bb sticky_enabled=\u00a0\u00bb0&Prime;]<svg xmlns=\"http:\/\/www.w3.org\/2000\/svg\" xmlns:xlink=\"http:\/\/www.w3.org\/1999\/xlink\" width=\"50%\" height=\"50%\" viewBox=\"0 0 387.3 395.78\"><!-- [et_pb_line_break_holder] -->  <defs><!-- [et_pb_line_break_holder] -->    <clipPath id=\"clip-path\"><!-- [et_pb_line_break_holder] -->      <rect id=\"Rectangle_183\" data-name=\"Rectangle 183\" width=\"280.3\" height=\"331.2\" fill=\"none\"\/><!-- [et_pb_line_break_holder] -->    <\/clipPath><!-- [et_pb_line_break_holder] -->  <\/defs><!-- [et_pb_line_break_holder] -->  <rect id=\"Rectangle_147\" data-name=\"Rectangle 147\" width=\"337.193\" height=\"337.193\" rx=\"168.596\" transform=\"translate(50.107 58.587)\" fill=\"#eaa04c\"\/><!-- [et_pb_line_break_holder] -->  <g id=\"Groupe_79\" data-name=\"Groupe 79\"><!-- [et_pb_line_break_holder] -->    <g id=\"Groupe_78\" data-name=\"Groupe 78\" clip-path=\"url(#clip-path)\"><!-- [et_pb_line_break_holder] -->      <path id=\"Trac\u00e9_33\" data-name=\"Trac\u00e9 33\" d=\"M115.3,327h161a4.012,4.012,0,0,0,4-4V59.4a4,4,0,1,0-8,0V319h-157a4,4,0,0,0,0,8\" fill=\"#003d4c\"\/><!-- [et_pb_line_break_holder] -->      <path id=\"Trac\u00e9_34\" data-name=\"Trac\u00e9 34\" d=\"M280,45.8a4.028,4.028,0,0,0-.9-4.4L245.2,7.6A26.013,26.013,0,0,0,226.7,0H70.2a4.012,4.012,0,0,0-4,4V160.1a4,4,0,0,0,8,0V7.9H226.7a18.089,18.089,0,0,1,12.8,5.3l27.1,27H244.8a4.908,4.908,0,0,1-4.9-4.9V24.1a4,4,0,0,0-8,0V35.3a12.931,12.931,0,0,0,12.9,12.9h31.5a3.935,3.935,0,0,0,3.7-2.4\" fill=\"#003d4c\"\/><!-- [et_pb_line_break_holder] -->      <path id=\"Trac\u00e9_35\" data-name=\"Trac\u00e9 35\" d=\"M125.4,69.3h95.7a4,4,0,0,0,0-8H125.4a4,4,0,0,0,0,8\" fill=\"#003d4c\"\/><!-- [et_pb_line_break_holder] -->      <path id=\"Trac\u00e9_36\" data-name=\"Trac\u00e9 36\" d=\"M244.3,99.6H125.4a4,4,0,0,0,0,8H244.3a4,4,0,0,0,0-8\" fill=\"#003d4c\"\/><!-- [et_pb_line_break_holder] -->      <path id=\"Trac\u00e9_37\" data-name=\"Trac\u00e9 37\" d=\"M244.3,122.7H102.2a4,4,0,0,0,0,8H244.3a4,4,0,1,0,0-8\" fill=\"#003d4c\"\/><!-- [et_pb_line_break_holder] -->      <path id=\"Trac\u00e9_38\" data-name=\"Trac\u00e9 38\" d=\"M244.3,145.8H102.2a4,4,0,0,0,0,8H244.3a4,4,0,0,0,0-8\" fill=\"#003d4c\"\/><!-- [et_pb_line_break_holder] -->      <path id=\"Trac\u00e9_39\" data-name=\"Trac\u00e9 39\" d=\"M248.3,172.9a4.012,4.012,0,0,0-4-4h-71a4,4,0,0,0,0,8h71a4.012,4.012,0,0,0,4-4\" fill=\"#003d4c\"\/><!-- [et_pb_line_break_holder] -->      <path id=\"Trac\u00e9_40\" data-name=\"Trac\u00e9 40\" d=\"M241,241.1H197.3a4,4,0,0,0,0,8H241a4.012,4.012,0,0,0,4-4,3.949,3.949,0,0,0-4-4\" fill=\"#003d4c\"\/><!-- [et_pb_line_break_holder] -->      <path id=\"Trac\u00e9_41\" data-name=\"Trac\u00e9 41\" d=\"M241,265.6H160.1a4,4,0,0,0,0,8H241a4.012,4.012,0,0,0,4-4,3.949,3.949,0,0,0-4-4\" fill=\"#003d4c\"\/><!-- [et_pb_line_break_holder] -->      <path id=\"Trac\u00e9_42\" data-name=\"Trac\u00e9 42\" d=\"M4.7,181.9a3.932,3.932,0,0,0-3.3.9A4.1,4.1,0,0,0,0,185.9v67.4a65.873,65.873,0,0,0,4.6,24.8c17.3,43.6,63,52.6,65,53,.2,0,.5.1.7.1h.1a1.268,1.268,0,0,0,.6-.1c1.9-.4,47.7-9.3,65-53a67.89,67.89,0,0,0,4.6-24.8V185.9a4.1,4.1,0,0,0-1.4-3.1,3.932,3.932,0,0,0-3.3-.9c-.4.1-44.5,8-62.8-9.4l-.1-.1c-.2-.2-.4-.3-.5-.4-.2-.1-.3-.2-.5-.3h-.1c-.1,0-.1,0-.2-.1a.9.9,0,0,0-.5-.1h-.8a1.7,1.7,0,0,0-.7.1h-.2c-.2,0-.3.1-.5.2-.1,0-.1,0-.2.1l-.6.3a1.756,1.756,0,0,0-.5.4c-18.6,17.3-62.6,9.4-63,9.3m65.5,26.9c11.2,7.8,29.1,7,37.6,6v37.7a35.987,35.987,0,0,1-2.4,13.2c-8.6,21.7-30.8,28-35.2,29.1-4.3-1-26.5-7.3-35.2-29.1a35.607,35.607,0,0,1-2.4-13.2V214.8c8.5,1,26.4,1.8,37.6-6m62.3-18.3v62.8a58.773,58.773,0,0,1-4,21.9C116,306.8,85.9,318.6,74.3,322V302c8.2-2.3,29.5-10.4,38.6-33.3a43.071,43.071,0,0,0,3-16.1V210.3a4.1,4.1,0,0,0-1.4-3.1,3.932,3.932,0,0,0-3.3-.9c-7.2,1.3-27.2,3-36.8-4.4V183.4c18.4,10.9,46.8,8.6,58.1,7.1m-66.3-7.1v18.5c-9.7,7.4-29.6,5.8-36.8,4.4a3.932,3.932,0,0,0-3.3.9,4.1,4.1,0,0,0-1.4,3.1v42.2a43.071,43.071,0,0,0,3,16.1c9.1,23,30.4,31,38.6,33.3v20c-11.8-3.5-41.8-15.2-54.4-46.8a58.4,58.4,0,0,1-4-21.9V190.5c11.3,1.5,39.7,3.8,58.3-7.1\" fill=\"#003d4c\"\/><!-- [et_pb_line_break_holder] -->    <\/g><!-- [et_pb_line_break_holder] -->  <\/g><!-- [et_pb_line_break_holder] --><\/svg><!-- [et_pb_line_break_holder] -->[\/et_pb_code][\/et_pb_column][et_pb_column type=\u00a0\u00bb3_4&Prime; _builder_version=\u00a0\u00bb4.19.0&Prime; _module_preset=\u00a0\u00bbdefault\u00a0\u00bb global_colors_info=\u00a0\u00bb{}\u00a0\u00bb theme_builder_area=\u00a0\u00bbpost_content\u00a0\u00bb][et_pb_text _builder_version=\u00a0\u00bb4.27.6&Prime; _module_preset=\u00a0\u00bbdefault\u00a0\u00bb hover_enabled=\u00a0\u00bb0&Prime; global_colors_info=\u00a0\u00bb{}\u00a0\u00bb theme_builder_area=\u00a0\u00bbpost_content\u00a0\u00bb sticky_enabled=\u00a0\u00bb0&Prime;]<\/p>\n<h2>Recours du public<\/h2>\n<p>Toute personne ayant \u00e9t\u00e9 t\u00e9moin d\u2019un acte s\u2019apparentant \u00e0 de l\u2019exercice ill\u00e9gal est invit\u00e9e \u00e0 en faire part \u00e0 l\u2019Ordre en remplissant le\u00a0<a href=\"https:\/\/audioprothesistes.org\/wp-content\/uploads\/2023\/05\/Formulaire-de-demande-denquete-PLAINTE.pdf\">Formulaire de demande d\u2019enqu\u00eate<\/a>\u00a0sur un exercice ill\u00e9gal de la profession.<\/p>\n<p>Quand la direction des enqu\u00eates re\u00e7oit une plainte, elle ouvre une enqu\u00eate et, s\u2019il y a lieu, intente des poursuites contre la personne.<\/p>\n<p>Dans le cadre d\u2019une enqu\u00eate, le syndic peut demander \u00e0 la personne qui a d\u00e9pos\u00e9 la plainte ou au membre qui fait l\u2019objet de l\u2019enqu\u00eate de fournir des documents, de r\u00e9pondre par \u00e9crit \u00e0 certaines questions, de se pr\u00e9senter \u00e0 son bureau afin de discuter du dossier. Il poss\u00e8de \u00e9galement le pouvoir d\u2019agir comme conciliateur entre les parties, si le dossier s\u2019y pr\u00eate.<\/p>\n<p>&nbsp;<\/p>\n<p>[\/et_pb_text][\/et_pb_column][\/et_pb_row][\/et_pb_section]<\/p>\n","protected":false},"excerpt":{"rendered":"<p>L\u2019Ordre a pour mission premi\u00e8re de prot\u00e9ger le public.Vous avez des doutes concernant les services offerts par un audioproth\u00e9siste? Vous vous questionnez sur la pratique d\u2019une personne qui se pr\u00e9sente comme audioproth\u00e9siste ou qui pose des actes r\u00e9serv\u00e9s \u00e0 la profession? Vous pouvez v\u00e9rifier si votre audioproth\u00e9siste\u00a0: est enregistr\u00e9 au\u00a0Tableau de l\u2019Ordre, afin de v\u00e9rifier [&hellip;]<\/p>\n","protected":false},"author":1,"featured_media":5293,"parent":10421,"menu_order":1,"comment_status":"closed","ping_status":"closed","template":"","meta":{"_et_pb_use_builder":"on","_et_pb_old_content":"","_et_gb_content_width":"","footnotes":""},"class_list":["post-4794","page","type-page","status-publish","has-post-thumbnail","hentry"],"acf":[],"_links":{"self":[{"href":"https:\/\/audioprothesistes.org\/staging20260303\/wp-json\/wp\/v2\/pages\/4794","targetHints":{"allow":["GET"]}}],"collection":[{"href":"https:\/\/audioprothesistes.org\/staging20260303\/wp-json\/wp\/v2\/pages"}],"about":[{"href":"https:\/\/audioprothesistes.org\/staging20260303\/wp-json\/wp\/v2\/types\/page"}],"author":[{"embeddable":true,"href":"https:\/\/audioprothesistes.org\/staging20260303\/wp-json\/wp\/v2\/users\/1"}],"replies":[{"embeddable":true,"href":"https:\/\/audioprothesistes.org\/staging20260303\/wp-json\/wp\/v2\/comments?post=4794"}],"version-history":[{"count":37,"href":"https:\/\/audioprothesistes.org\/staging20260303\/wp-json\/wp\/v2\/pages\/4794\/revisions"}],"predecessor-version":[{"id":10491,"href":"https:\/\/audioprothesistes.org\/staging20260303\/wp-json\/wp\/v2\/pages\/4794\/revisions\/10491"}],"up":[{"embeddable":true,"href":"https:\/\/audioprothesistes.org\/staging20260303\/wp-json\/wp\/v2\/pages\/10421"}],"wp:featuredmedia":[{"embeddable":true,"href":"https:\/\/audioprothesistes.org\/staging20260303\/wp-json\/wp\/v2\/media\/5293"}],"wp:attachment":[{"href":"https:\/\/audioprothesistes.org\/staging20260303\/wp-json\/wp\/v2\/media?parent=4794"}],"curies":[{"name":"wp","href":"https:\/\/api.w.org\/{rel}","templated":true}]}}