{"id":4802,"date":"2023-03-31T15:10:08","date_gmt":"2023-03-31T15:10:08","guid":{"rendered":"https:\/\/dev2.eklore.ca\/oaq\/?page_id=4802"},"modified":"2026-03-03T17:14:28","modified_gmt":"2026-03-03T22:14:28","slug":"normes-de-pratique-et-politiques","status":"publish","type":"page","link":"https:\/\/audioprothesistes.org\/staging20260303\/membres\/normes-de-pratique-et-politiques\/","title":{"rendered":"Normes de pratique, lignes directrices et politiques"},"content":{"rendered":"<p>[et_pb_section fb_built=\u00a0\u00bb1&Prime; _builder_version=\u00a0\u00bb4.19.0&Prime; _module_preset=\u00a0\u00bbdefault\u00a0\u00bb global_colors_info=\u00a0\u00bb{}\u00a0\u00bb][et_pb_row column_structure=\u00a0\u00bb1_4,3_4&Prime; make_equal=\u00a0\u00bbon\u00a0\u00bb _builder_version=\u00a0\u00bb4.27.4&Prime; _module_preset=\u00a0\u00bb34ebdddb-ba4e-47a4-ad6e-f7a0f2f689bf\u00a0\u00bb custom_css_main_element=\u00a0\u00bbalign-items:center;\u00a0\u00bb global_colors_info=\u00a0\u00bb{}\u00a0\u00bb][et_pb_column type=\u00a0\u00bb1_4&Prime; _builder_version=\u00a0\u00bb4.27.4&Prime; _module_preset=\u00a0\u00bbdefault\u00a0\u00bb global_colors_info=\u00a0\u00bb{}\u00a0\u00bb][et_pb_code admin_label=\u00a0\u00bbIcone sommet\u00a0\u00bb _builder_version=\u00a0\u00bb4.19.0&Prime; _module_preset=\u00a0\u00bbdefault\u00a0\u00bb text_orientation=\u00a0\u00bbcenter\u00a0\u00bb max_width=\u00a0\u00bb550px\u00a0\u00bb text_orientation_tablet=\u00a0\u00bbcenter\u00a0\u00bb text_orientation_phone=\u00a0\u00bbcenter\u00a0\u00bb text_orientation_last_edited=\u00a0\u00bbon|tablet\u00a0\u00bb custom_css_main_element=\u00a0\u00bbmargin:auto;\u00a0\u00bb global_colors_info=\u00a0\u00bb{}\u00a0\u00bb]<svg xmlns=\"http:\/\/www.w3.org\/2000\/svg\" width=\"50%\" height=\"50%\" viewBox=\"0 0 363.042 396.455\"><!-- [et_pb_line_break_holder] -->  <rect id=\"Rectangle_147\" data-name=\"Rectangle 147\" width=\"337.193\" height=\"337.193\" rx=\"168.596\" transform=\"translate(25.849 59.262)\" fill=\"#eaa04c\"\/><!-- [et_pb_line_break_holder] -->  <g id=\"SVGRepo_iconCarrier\" transform=\"translate(0.665 -14.325)\"><!-- [et_pb_line_break_holder] -->    <path id=\"Trac\u00e9_30\" data-name=\"Trac\u00e9 30\" d=\"M171.338,15l47.594,43.177L283.165,55.7l8.7,63.7,50.811,39.37-34.268,54.371,13.612,62.843-61.206,19.609L230.85,352.46l-59.511-24.311L111.827,352.46,81.862,295.595,20.656,275.986l13.612-62.842L0,158.772,50.811,119.4l8.7-63.7,64.233,2.475Zm0,25.7-34.82,31.583L130.769,77.5,123,77.215,76.017,75.406l-6.359,46.566-1.047,7.71-6.149,4.74-37.142,28.8,25.053,39.788,4.15,6.549-1.656,7.615L42.93,263.117l44.757,14.354,7.406,2.38,3.636,6.872L120.622,328.3l43.52-17.762,7.2-2.951,7.2,2.951,43.52,17.762,21.912-41.578,3.617-6.872,7.406-2.38,44.757-14.354-9.938-45.938-1.656-7.615,4.15-6.549,25.072-39.788-37.161-28.8-6.149-4.74-1.047-7.71L266.64,75.406l-46.947,1.809-7.786.286-5.749-5.216Zm60.871,109.493,11.518,15.173L143.494,241.441,97.975,195.922l13.46-13.46,33.773,33.773,87-66.041Z\" fill=\"#003d4c\" stroke=\"#003d4c\" stroke-width=\"1\" fill-rule=\"evenodd\"\/><!-- [et_pb_line_break_holder] -->  <\/g><!-- [et_pb_line_break_holder] --><\/svg><!-- [et_pb_line_break_holder] -->[\/et_pb_code][\/et_pb_column][et_pb_column type=\u00a0\u00bb3_4&Prime; _builder_version=\u00a0\u00bb4.19.0&Prime; _module_preset=\u00a0\u00bbdefault\u00a0\u00bb global_colors_info=\u00a0\u00bb{}\u00a0\u00bb][et_pb_text _builder_version=\u00a0\u00bb4.27.4&Prime; _module_preset=\u00a0\u00bbdefault\u00a0\u00bb text_font=\u00a0\u00bb||||||||\u00a0\u00bb text_font_size=\u00a0\u00bb16px\u00a0\u00bb link_option_url=\u00a0\u00bbaudioprothesistes.org\/wp-content\/uploads\/2025\/08\/Guide-de-telepratique-en-audioprothese_VF.pdf\u00a0\u00bb link_option_url_new_window=\u00a0\u00bbon\u00a0\u00bb global_colors_info=\u00a0\u00bb{}\u00a0\u00bb]<\/p>\n<p>&nbsp;<\/p>\n<h2><strong>Guides<\/strong><\/h2>\n<p>Les guides sont des outils de r\u00e9f\u00e9rence con\u00e7us pour orienter les audioproth\u00e9sistes dans l\u2019application de bonnes pratiques, en leur fournissant des rep\u00e8res clairs, structur\u00e9s et adapt\u00e9s aux r\u00e9alit\u00e9s de leur exercice professionnel.<\/p>\n<ul>\n<li><a href=\"https:\/\/audioprothesistes.org\/staging20260303\/wp-content\/uploads\/2025\/08\/Guide-de-telepratique-en-audioprothese_VF.pdf\"><span class=\"cf0\" style=\"font-size: 14px;\">Guide de <\/span><span class=\"cf0\" style=\"font-size: 14px;\">t\u00e9l\u00e9pratique<\/span><span class=\"cf0\" style=\"font-size: 14px;\"> en audioproth\u00e8se<\/span><\/a><\/li>\n<li><a href=\"https:\/\/audioprothesistes.org\/staging20260303\/wp-content\/uploads\/2025\/08\/Guide-encadrement-personnel-assistance_VF.pdf\"><span style=\"font-size: 14px;\">Guide sur l&rsquo;encadrement du personnel d&rsquo;assistance en audioproth\u00e8se<\/span><\/a><\/li>\n<\/ul>\n<p>[\/et_pb_text][et_pb_text _builder_version=\u00a0\u00bb4.27.4&Prime; _module_preset=\u00a0\u00bbdefault\u00a0\u00bb global_colors_info=\u00a0\u00bb{}\u00a0\u00bb]<\/p>\n<h2><strong>Normes de pratique<\/strong><\/h2>\n<p>Dans le but d\u2019aider les audioproth\u00e9sistes \u00e0 maintenir de hautes normes de qualit\u00e9 dans l\u2019exercice de leur profession, l\u2019Ordre d\u00e9finit les <em>Normes de pratique<\/em>.<\/p>\n<ul>\n<li><a href=\"https:\/\/audioprothesistes.org\/staging20260303\/wp-content\/uploads\/2023\/06\/Normes-de-pratique-OAQ-2022-09-20-_maj_septembre-2022_VF.pdf\" target=\"_blank\" rel=\"noopener\"><em>Normes de pratique de l\u2019audioproth\u00e8se au Qu\u00e9bec<\/em><\/a><\/li>\n<\/ul>\n<p>[\/et_pb_text][\/et_pb_column][\/et_pb_row][et_pb_row custom_padding_last_edited=\u00a0\u00bbon|phone\u00a0\u00bb _builder_version=\u00a0\u00bb4.19.0&Prime; _module_preset=\u00a0\u00bb91addca8-3d0e-406a-b181-b5714e31ad01&Prime; custom_padding=\u00a0\u00bb75px|75px|75px|75px|true|true\u00a0\u00bb custom_padding_tablet=\u00a0\u00bb75px|75px|75px|75px|true|true\u00a0\u00bb custom_padding_phone=\u00a0\u00bb75px|75px|75px|75px|true|true\u00a0\u00bb global_colors_info=\u00a0\u00bb{}\u00a0\u00bb][et_pb_column type=\u00a0\u00bb4_4&Prime; _builder_version=\u00a0\u00bb4.19.0&Prime; _module_preset=\u00a0\u00bbdefault\u00a0\u00bb global_colors_info=\u00a0\u00bb{}\u00a0\u00bb][et_pb_text _builder_version=\u00a0\u00bb4.27.4&Prime; _module_preset=\u00a0\u00bbdefault\u00a0\u00bb text_text_color=\u00a0\u00bb#E00B00&Prime; global_colors_info=\u00a0\u00bb{}\u00a0\u00bb]<\/p>\n<h2><strong>Lignes directrices<\/strong><\/h2>\n<ul>\n<li><a href=\"https:\/\/audioprothesistes.org\/staging20260303\/wp-content\/uploads\/2025\/09\/Lignes-directrices-sur-la-tenue-des-dossiers-numeriques_Version-adoptee.pdf\" target=\"_blank\" rel=\"noopener\">Lignes directrices sur la tenue des dossiers num\u00e9riques<\/a><\/li>\n<li><a href=\"https:\/\/audioprothesistes.org\/staging20260303\/wp-content\/uploads\/2023\/04\/Activites-de-formation-continue.pdf\" target=\"_blank\" rel=\"attachment noopener wp-att-5451\">Lignes directrices &#8211; Activit\u00e9s de formation continue<\/a><\/li>\n<li><a href=\"\/wp-content\/uploads\/2023\/06\/Lignes-directrices-Exigences-relatives-a-lutilisation-du-materiel-a-usage-unique.pdf\" target=\"_blank\" rel=\"attachment noopener wp-att-6077\">Lignes directrices &#8211; Exigences relatives \u00e0 l\u2019utilisation du mat\u00e9riel \u00e0 usage unique<\/a><\/li>\n<li><a href=\"https:\/\/audioprothesistes.org\/staging20260303\/wp-content\/uploads\/2023\/04\/Lignes-directices-medias-sociaux.pdf\" target=\"_blank\" rel=\"attachment noopener wp-att-5453\">Lignes directrices &#8211; M\u00e9dias sociaux<\/a><\/li>\n<li><a href=\"https:\/\/audioprothesistes.org\/staging20260303\/wp-content\/uploads\/2025\/10\/Lignes-directrices-sur-la-gestion-des-acouphenes_juillet-2025.pdf\" target=\"_blank\" rel=\"noopener\">Lignes directrices &#8211; Gestion des acouph\u00e8nes<\/a><strong style=\"font-size: 14px;\">\u00a0Nouveau!<\/strong><\/li>\n<\/ul>\n<p>[\/et_pb_text][\/et_pb_column][\/et_pb_row][et_pb_row column_structure=\u00a0\u00bb1_4,3_4&Prime; make_equal=\u00a0\u00bbon\u00a0\u00bb _builder_version=\u00a0\u00bb4.19.0&Prime; _module_preset=\u00a0\u00bb34ebdddb-ba4e-47a4-ad6e-f7a0f2f689bf\u00a0\u00bb custom_css_main_element=\u00a0\u00bbalign-items:center;\u00a0\u00bb global_colors_info=\u00a0\u00bb{}\u00a0\u00bb][et_pb_column type=\u00a0\u00bb1_4&Prime; _builder_version=\u00a0\u00bb4.19.0&Prime; _module_preset=\u00a0\u00bbdefault\u00a0\u00bb global_colors_info=\u00a0\u00bb{}\u00a0\u00bb][et_pb_code _builder_version=\u00a0\u00bb4.19.0&Prime; _module_preset=\u00a0\u00bbdefault\u00a0\u00bb text_orientation=\u00a0\u00bbcenter\u00a0\u00bb max_width=\u00a0\u00bb550px\u00a0\u00bb text_orientation_tablet=\u00a0\u00bbcenter\u00a0\u00bb text_orientation_phone=\u00a0\u00bbcenter\u00a0\u00bb text_orientation_last_edited=\u00a0\u00bbon|desktop\u00a0\u00bb custom_css_main_element=\u00a0\u00bbmargin:auto;\u00a0\u00bb global_colors_info=\u00a0\u00bb{}\u00a0\u00bb]<svg xmlns=\"http:\/\/www.w3.org\/2000\/svg\" xmlns:xlink=\"http:\/\/www.w3.org\/1999\/xlink\" width=\"50%\" height=\"50%\" viewBox=\"0 0 387.3 395.78\"><!-- [et_pb_line_break_holder] -->  <defs><!-- [et_pb_line_break_holder] -->    <clipPath id=\"clip-path\"><!-- [et_pb_line_break_holder] -->      <rect id=\"Rectangle_183\" data-name=\"Rectangle 183\" width=\"280.3\" height=\"331.2\" fill=\"none\"\/><!-- [et_pb_line_break_holder] -->    <\/clipPath><!-- [et_pb_line_break_holder] -->  <\/defs><!-- [et_pb_line_break_holder] -->  <rect id=\"Rectangle_147\" data-name=\"Rectangle 147\" width=\"337.193\" height=\"337.193\" rx=\"168.596\" transform=\"translate(50.107 58.587)\" fill=\"#eaa04c\"\/><!-- [et_pb_line_break_holder] -->  <g id=\"Groupe_79\" data-name=\"Groupe 79\"><!-- [et_pb_line_break_holder] -->    <g id=\"Groupe_78\" data-name=\"Groupe 78\" clip-path=\"url(#clip-path)\"><!-- [et_pb_line_break_holder] -->      <path id=\"Trac\u00e9_33\" data-name=\"Trac\u00e9 33\" d=\"M115.3,327h161a4.012,4.012,0,0,0,4-4V59.4a4,4,0,1,0-8,0V319h-157a4,4,0,0,0,0,8\" fill=\"#003d4c\"\/><!-- [et_pb_line_break_holder] -->      <path id=\"Trac\u00e9_34\" data-name=\"Trac\u00e9 34\" d=\"M280,45.8a4.028,4.028,0,0,0-.9-4.4L245.2,7.6A26.013,26.013,0,0,0,226.7,0H70.2a4.012,4.012,0,0,0-4,4V160.1a4,4,0,0,0,8,0V7.9H226.7a18.089,18.089,0,0,1,12.8,5.3l27.1,27H244.8a4.908,4.908,0,0,1-4.9-4.9V24.1a4,4,0,0,0-8,0V35.3a12.931,12.931,0,0,0,12.9,12.9h31.5a3.935,3.935,0,0,0,3.7-2.4\" fill=\"#003d4c\"\/><!-- [et_pb_line_break_holder] -->      <path id=\"Trac\u00e9_35\" data-name=\"Trac\u00e9 35\" d=\"M125.4,69.3h95.7a4,4,0,0,0,0-8H125.4a4,4,0,0,0,0,8\" fill=\"#003d4c\"\/><!-- [et_pb_line_break_holder] -->      <path id=\"Trac\u00e9_36\" data-name=\"Trac\u00e9 36\" d=\"M244.3,99.6H125.4a4,4,0,0,0,0,8H244.3a4,4,0,0,0,0-8\" fill=\"#003d4c\"\/><!-- [et_pb_line_break_holder] -->      <path id=\"Trac\u00e9_37\" data-name=\"Trac\u00e9 37\" d=\"M244.3,122.7H102.2a4,4,0,0,0,0,8H244.3a4,4,0,1,0,0-8\" fill=\"#003d4c\"\/><!-- [et_pb_line_break_holder] -->      <path id=\"Trac\u00e9_38\" data-name=\"Trac\u00e9 38\" d=\"M244.3,145.8H102.2a4,4,0,0,0,0,8H244.3a4,4,0,0,0,0-8\" fill=\"#003d4c\"\/><!-- [et_pb_line_break_holder] -->      <path id=\"Trac\u00e9_39\" data-name=\"Trac\u00e9 39\" d=\"M248.3,172.9a4.012,4.012,0,0,0-4-4h-71a4,4,0,0,0,0,8h71a4.012,4.012,0,0,0,4-4\" fill=\"#003d4c\"\/><!-- [et_pb_line_break_holder] -->      <path id=\"Trac\u00e9_40\" data-name=\"Trac\u00e9 40\" d=\"M241,241.1H197.3a4,4,0,0,0,0,8H241a4.012,4.012,0,0,0,4-4,3.949,3.949,0,0,0-4-4\" fill=\"#003d4c\"\/><!-- [et_pb_line_break_holder] -->      <path id=\"Trac\u00e9_41\" data-name=\"Trac\u00e9 41\" d=\"M241,265.6H160.1a4,4,0,0,0,0,8H241a4.012,4.012,0,0,0,4-4,3.949,3.949,0,0,0-4-4\" fill=\"#003d4c\"\/><!-- [et_pb_line_break_holder] -->      <path id=\"Trac\u00e9_42\" data-name=\"Trac\u00e9 42\" d=\"M4.7,181.9a3.932,3.932,0,0,0-3.3.9A4.1,4.1,0,0,0,0,185.9v67.4a65.873,65.873,0,0,0,4.6,24.8c17.3,43.6,63,52.6,65,53,.2,0,.5.1.7.1h.1a1.268,1.268,0,0,0,.6-.1c1.9-.4,47.7-9.3,65-53a67.89,67.89,0,0,0,4.6-24.8V185.9a4.1,4.1,0,0,0-1.4-3.1,3.932,3.932,0,0,0-3.3-.9c-.4.1-44.5,8-62.8-9.4l-.1-.1c-.2-.2-.4-.3-.5-.4-.2-.1-.3-.2-.5-.3h-.1c-.1,0-.1,0-.2-.1a.9.9,0,0,0-.5-.1h-.8a1.7,1.7,0,0,0-.7.1h-.2c-.2,0-.3.1-.5.2-.1,0-.1,0-.2.1l-.6.3a1.756,1.756,0,0,0-.5.4c-18.6,17.3-62.6,9.4-63,9.3m65.5,26.9c11.2,7.8,29.1,7,37.6,6v37.7a35.987,35.987,0,0,1-2.4,13.2c-8.6,21.7-30.8,28-35.2,29.1-4.3-1-26.5-7.3-35.2-29.1a35.607,35.607,0,0,1-2.4-13.2V214.8c8.5,1,26.4,1.8,37.6-6m62.3-18.3v62.8a58.773,58.773,0,0,1-4,21.9C116,306.8,85.9,318.6,74.3,322V302c8.2-2.3,29.5-10.4,38.6-33.3a43.071,43.071,0,0,0,3-16.1V210.3a4.1,4.1,0,0,0-1.4-3.1,3.932,3.932,0,0,0-3.3-.9c-7.2,1.3-27.2,3-36.8-4.4V183.4c18.4,10.9,46.8,8.6,58.1,7.1m-66.3-7.1v18.5c-9.7,7.4-29.6,5.8-36.8,4.4a3.932,3.932,0,0,0-3.3.9,4.1,4.1,0,0,0-1.4,3.1v42.2a43.071,43.071,0,0,0,3,16.1c9.1,23,30.4,31,38.6,33.3v20c-11.8-3.5-41.8-15.2-54.4-46.8a58.4,58.4,0,0,1-4-21.9V190.5c11.3,1.5,39.7,3.8,58.3-7.1\" fill=\"#003d4c\"\/><!-- [et_pb_line_break_holder] -->    <\/g><!-- [et_pb_line_break_holder] -->  <\/g><!-- [et_pb_line_break_holder] --><\/svg><!-- [et_pb_line_break_holder] -->[\/et_pb_code][\/et_pb_column][et_pb_column type=\u00a0\u00bb3_4&Prime; _builder_version=\u00a0\u00bb4.19.0&Prime; _module_preset=\u00a0\u00bbdefault\u00a0\u00bb global_colors_info=\u00a0\u00bb{}\u00a0\u00bb][et_pb_text _builder_version=\u00a0\u00bb4.27.4&Prime; _module_preset=\u00a0\u00bbdefault\u00a0\u00bb global_colors_info=\u00a0\u00bb{}\u00a0\u00bb]<\/p>\n<h2><strong>Politiques administratives<\/strong><\/h2>\n<ul>\n<li><a href=\"https:\/\/audioprothesistes.org\/staging20260303\/wp-content\/uploads\/2023\/04\/ReglementRegieInterne-1.pdf\" target=\"_blank\" rel=\"attachment noopener wp-att-5456\">R\u00e8glement de r\u00e9gie interne du comit\u00e9 d\u2019enqu\u00eate \u00e0 l\u2019\u00e9thique et \u00e0 la d\u00e9ontologie de l\u2019Ordre des audioproth\u00e9sistes du Qu\u00e9bec<\/a><br \/>(adopt\u00e9 le 24 janvier 2020)<\/li>\n<li><a href=\"https:\/\/audioprothesistes.org\/staging20260303\/wp-content\/uploads\/2023\/04\/Codeethiqueetdeontoadmin-mai-2020.pdf\" target=\"_blank\" rel=\"attachment noopener wp-att-5452\">Code d\u2019\u00e9thique et de d\u00e9ontologie des administrateurs de l\u2019Ordre des audioproth\u00e9sistes du Qu\u00e9bec<\/a><br \/>(adopt\u00e9 le 15 mai 2020)<\/li>\n<li><a href=\"https:\/\/audioprothesistes.org\/staging20260303\/wp-content\/uploads\/2023\/04\/PolitiqueMS.pdf\" target=\"_blank\" rel=\"attachment noopener wp-att-5454\">Politique d\u2019utilisation des m\u00e9dias sociaux (membre des comit\u00e9s, employ\u00e9s, administrateurs et syndic)<\/a><\/li>\n<\/ul>\n<p>[\/et_pb_text][\/et_pb_column][\/et_pb_row][\/et_pb_section]<\/p>\n","protected":false},"excerpt":{"rendered":"<p>&nbsp; Guides Les guides sont des outils de r\u00e9f\u00e9rence con\u00e7us pour orienter les audioproth\u00e9sistes dans l\u2019application de bonnes pratiques, en leur fournissant des rep\u00e8res clairs, structur\u00e9s et adapt\u00e9s aux r\u00e9alit\u00e9s de leur exercice professionnel. Guide de t\u00e9l\u00e9pratique en audioproth\u00e8se Guide sur l&rsquo;encadrement du personnel d&rsquo;assistance en audioproth\u00e8se Normes de pratique Dans le but d\u2019aider les [&hellip;]<\/p>\n","protected":false},"author":1,"featured_media":5293,"parent":4753,"menu_order":2,"comment_status":"closed","ping_status":"closed","template":"","meta":{"_et_pb_use_builder":"on","_et_pb_old_content":"","_et_gb_content_width":"","footnotes":""},"class_list":["post-4802","page","type-page","status-publish","has-post-thumbnail","hentry"],"acf":[],"_links":{"self":[{"href":"https:\/\/audioprothesistes.org\/staging20260303\/wp-json\/wp\/v2\/pages\/4802","targetHints":{"allow":["GET"]}}],"collection":[{"href":"https:\/\/audioprothesistes.org\/staging20260303\/wp-json\/wp\/v2\/pages"}],"about":[{"href":"https:\/\/audioprothesistes.org\/staging20260303\/wp-json\/wp\/v2\/types\/page"}],"author":[{"embeddable":true,"href":"https:\/\/audioprothesistes.org\/staging20260303\/wp-json\/wp\/v2\/users\/1"}],"replies":[{"embeddable":true,"href":"https:\/\/audioprothesistes.org\/staging20260303\/wp-json\/wp\/v2\/comments?post=4802"}],"version-history":[{"count":37,"href":"https:\/\/audioprothesistes.org\/staging20260303\/wp-json\/wp\/v2\/pages\/4802\/revisions"}],"predecessor-version":[{"id":10505,"href":"https:\/\/audioprothesistes.org\/staging20260303\/wp-json\/wp\/v2\/pages\/4802\/revisions\/10505"}],"up":[{"embeddable":true,"href":"https:\/\/audioprothesistes.org\/staging20260303\/wp-json\/wp\/v2\/pages\/4753"}],"wp:featuredmedia":[{"embeddable":true,"href":"https:\/\/audioprothesistes.org\/staging20260303\/wp-json\/wp\/v2\/media\/5293"}],"wp:attachment":[{"href":"https:\/\/audioprothesistes.org\/staging20260303\/wp-json\/wp\/v2\/media?parent=4802"}],"curies":[{"name":"wp","href":"https:\/\/api.w.org\/{rel}","templated":true}]}}